{"id":6,"date":"2026-03-03T07:56:45","date_gmt":"2026-03-03T07:56:45","guid":{"rendered":"https:\/\/www.miguardia.mx\/?page_id=6"},"modified":"2026-03-03T09:14:39","modified_gmt":"2026-03-03T09:14:39","slug":"carrito","status":"publish","type":"page","link":"https:\/\/www.miguardia.mx\/carrito\/","title":{"rendered":"Carrito"},"content":{"rendered":"\n<div data-block-name=\"woocommerce\/cart\" class=\"wp-block-woocommerce-cart alignwide is-loading\">\n<div data-block-name=\"woocommerce\/filled-cart-block\" class=\"wp-block-woocommerce-filled-cart-block\">\n<div data-block-name=\"woocommerce\/cart-items-block\" class=\"wp-block-woocommerce-cart-items-block\">\n<div data-block-name=\"woocommerce\/cart-line-items-block\" class=\"wp-block-woocommerce-cart-line-items-block\"><\/div>\n\n\n<\/div>\n\n\n\n\n<div data-block-name=\"woocommerce\/cart-totals-block\" class=\"wp-block-woocommerce-cart-totals-block\">\n<div data-block-name=\"woocommerce\/cart-order-summary-block\" class=\"wp-block-woocommerce-cart-order-summary-block\">\n<div data-block-name=\"woocommerce\/cart-order-summary-heading-block\" class=\"wp-block-woocommerce-cart-order-summary-heading-block\"><\/div><div data-block-name=\"woocommerce\/cart-order-summary-coupon-form-block\" class=\"wp-block-woocommerce-cart-order-summary-coupon-form-block\"><\/div><div data-block-name=\"woocommerce\/cart-order-summary-totals-block\" class=\"wp-block-woocommerce-cart-order-summary-totals-block\">\n<div data-block-name=\"woocommerce\/cart-order-summary-subtotal-block\" class=\"wp-block-woocommerce-cart-order-summary-subtotal-block\"><\/div>\n<div data-block-name=\"woocommerce\/cart-order-summary-discount-block\" class=\"wp-block-woocommerce-cart-order-summary-discount-block\"><\/div>\n<div data-block-name=\"woocommerce\/cart-order-summary-fee-block\" class=\"wp-block-woocommerce-cart-order-summary-fee-block\"><\/div>\n<div data-block-name=\"woocommerce\/cart-order-summary-shipping-block\" class=\"wp-block-woocommerce-cart-order-summary-shipping-block\"><\/div>\n<div data-block-name=\"woocommerce\/cart-order-summary-taxes-block\" class=\"wp-block-woocommerce-cart-order-summary-taxes-block\"><\/div><\/div>\n<\/div>\n\n\n\n<div data-block-name=\"woocommerce\/cart-express-payment-block\" class=\"wp-block-woocommerce-cart-express-payment-block\"><\/div>\n\n\n\n<div data-block-name=\"woocommerce\/proceed-to-checkout-block\" class=\"wp-block-woocommerce-proceed-to-checkout-block\"><\/div>\n\n\n\n<div data-block-name=\"woocommerce\/cart-accepted-payment-methods-block\" class=\"wp-block-woocommerce-cart-accepted-payment-methods-block\"><\/div>\n<\/div>\n<\/div>\n\n\n\n<div data-block-name=\"woocommerce\/empty-cart-block\" class=\"wp-block-woocommerce-empty-cart-block\">\n<h2 class=\"wp-block-heading has-text-align-center with-empty-cart-icon wc-block-cart__empty-cart__title\">\u00a1Tu carrito est\u00e1 actualmente vac\u00edo!<\/h2>\n\n\n\n<hr class=\"wp-block-separator has-alpha-channel-opacity is-style-dots\"\/>\n\n\n\n<h2 class=\"wp-block-heading has-text-align-center\">Nuevo en la tienda<\/h2>\n\n\n<div data-block-name=\"woocommerce\/product-new\" data-columns=\"4\" data-rows=\"1\" class=\"wc-block-grid wp-block-product-new wp-block-woocommerce-product-new wc-block-product-new has-4-columns\"><ul class=\"wc-block-grid__products\"><li class=\"wc-block-grid__product\">\n\t\t\t\t<a href=\"https:\/\/www.miguardia.mx\/producto\/camara-bullet-antivandalica-termica-ip-resolucion-640-x-480-lente-35-mm-h-265-wisestream-ii\/\" class=\"wc-block-grid__product-link\">\n\t\t\t\t\t<div class=\"wc-block-grid__product-onsale\">\n\t\t\t<span aria-hidden=\"true\">Oferta<\/span>\n\t\t\t<span class=\"screen-reader-text\">Producto en oferta<\/span>\n\t\t<\/div>\n\t\t\t\t\t<div class=\"wc-block-grid__product-image\"><img fetchpriority=\"high\" decoding=\"async\" width=\"300\" height=\"300\" src=\"https:\/\/www.miguardia.mx\/wp-content\/uploads\/2026\/03\/portada_0S1000-635-300x300.png\" class=\"attachment-woocommerce_thumbnail size-woocommerce_thumbnail\" alt=\"C\u00e1mara Bullet Antivand\u00e1lica T\u00e9rmica IP \/ Resoluci\u00f3n 640 x 480 \/ Lente 35 mm \/ H.265 &amp; WiseStream II\" srcset=\"https:\/\/www.miguardia.mx\/wp-content\/uploads\/2026\/03\/portada_0S1000-635-300x300.png 300w, https:\/\/www.miguardia.mx\/wp-content\/uploads\/2026\/03\/portada_0S1000-635-150x150.png 150w, https:\/\/www.miguardia.mx\/wp-content\/uploads\/2026\/03\/portada_0S1000-635-768x768.png 768w, https:\/\/www.miguardia.mx\/wp-content\/uploads\/2026\/03\/portada_0S1000-635-600x600.png 600w, https:\/\/www.miguardia.mx\/wp-content\/uploads\/2026\/03\/portada_0S1000-635-100x100.png 100w, https:\/\/www.miguardia.mx\/wp-content\/uploads\/2026\/03\/portada_0S1000-635.png 1024w\" sizes=\"(max-width: 300px) 100vw, 300px\" \/><\/div>\n\t\t\t\t\t<div class=\"wc-block-grid__product-title\">C\u00e1mara Bullet Antivand\u00e1lica T\u00e9rmica IP \/ Resoluci\u00f3n 640 x 480 \/ Lente 35 mm \/ H.265 &amp; WiseStream II<\/div>\n\t\t\t\t<\/a>\n\t\t\t\t<div class=\"wc-block-grid__product-price price\"><del aria-hidden=\"true\"><span class=\"woocommerce-Price-amount amount\"><span class=\"woocommerce-Price-currencySymbol\">&#036;<\/span>10,718.40<\/span><\/del> <span class=\"screen-reader-text\">El precio original era: &#036;10,718.40.<\/span><ins aria-hidden=\"true\"><span class=\"woocommerce-Price-amount amount\"><span class=\"woocommerce-Price-currencySymbol\">&#036;<\/span>9,744.00<\/span><\/ins><span class=\"screen-reader-text\">El precio actual es: &#036;9,744.00.<\/span> <small class=\"woocommerce-price-suffix\">IVA INCLUIDO<\/small><\/div>\n\t\t\t\t\n\t\t\t\t<div class=\"wp-block-button wc-block-grid__product-add-to-cart\"><a href=\"https:\/\/www.miguardia.mx\/producto\/camara-bullet-antivandalica-termica-ip-resolucion-640-x-480-lente-35-mm-h-265-wisestream-ii\/\" aria-label=\"Lee m\u00e1s sobre &ldquo;C\u00e1mara Bullet Antivand\u00e1lica T\u00e9rmica IP \/ Resoluci\u00f3n 640 x 480 \/ Lente 35 mm \/ H.265 &amp; WiseStream II&rdquo;\" data-quantity=\"1\" data-product_id=\"2737\" data-product_sku=\"TNO-L4050T\" data-price=\"9744\" rel=\"nofollow\" class=\"wp-block-button__link  add_to_cart_button\">Leer m\u00e1s<\/a><\/div>\n\t\t\t<\/li><li class=\"wc-block-grid__product\">\n\t\t\t\t<a href=\"https:\/\/www.miguardia.mx\/producto\/accesorio_-placa-adaptadora-para-panel-led-30-x-15-mm-incluye-tornillos-y-tuercas-dimensiones-70-x-90-x-2-5-mm-diametro-de-perforacion-8-5-mm-facilita-instalacion-de-paneles-led\/\" class=\"wc-block-grid__product-link\">\n\t\t\t\t\t<div class=\"wc-block-grid__product-onsale\">\n\t\t\t<span aria-hidden=\"true\">Oferta<\/span>\n\t\t\t<span class=\"screen-reader-text\">Producto en oferta<\/span>\n\t\t<\/div>\n\t\t\t\t\t<div class=\"wc-block-grid__product-image\"><img decoding=\"async\" width=\"300\" height=\"300\" src=\"https:\/\/www.miguardia.mx\/wp-content\/uploads\/2026\/03\/portada_0S1000-634-300x300.png\" class=\"attachment-woocommerce_thumbnail size-woocommerce_thumbnail\" alt=\"Accesorio_ Placa Adaptadora para Panel LED 30 x 15 mm | Incluye Tornillos y Tuercas | Dimensiones 70 x 90 x 2.5 mm | Di\u00e1metro de Perforaci\u00f3n 8.5 mm | Facilita Instalaci\u00f3n de Paneles LED\" srcset=\"https:\/\/www.miguardia.mx\/wp-content\/uploads\/2026\/03\/portada_0S1000-634-300x300.png 300w, https:\/\/www.miguardia.mx\/wp-content\/uploads\/2026\/03\/portada_0S1000-634-150x150.png 150w, https:\/\/www.miguardia.mx\/wp-content\/uploads\/2026\/03\/portada_0S1000-634-768x768.png 768w, https:\/\/www.miguardia.mx\/wp-content\/uploads\/2026\/03\/portada_0S1000-634-600x600.png 600w, https:\/\/www.miguardia.mx\/wp-content\/uploads\/2026\/03\/portada_0S1000-634-100x100.png 100w, https:\/\/www.miguardia.mx\/wp-content\/uploads\/2026\/03\/portada_0S1000-634.png 1024w\" sizes=\"(max-width: 300px) 100vw, 300px\" \/><\/div>\n\t\t\t\t\t<div class=\"wc-block-grid__product-title\">Accesorio_ Placa Adaptadora para Panel LED 30 x 15 mm | Incluye Tornillos y Tuercas | Dimensiones 70 x 90 x 2.5 mm | Di\u00e1metro de Perforaci\u00f3n 8.5 mm | Facilita Instalaci\u00f3n de Paneles LED<\/div>\n\t\t\t\t<\/a>\n\t\t\t\t<div class=\"wc-block-grid__product-price price\"><del aria-hidden=\"true\"><span class=\"woocommerce-Price-amount amount\"><span class=\"woocommerce-Price-currencySymbol\">&#036;<\/span>21.33<\/span><\/del> <span class=\"screen-reader-text\">El precio original era: &#036;21.33.<\/span><ins aria-hidden=\"true\"><span class=\"woocommerce-Price-amount amount\"><span class=\"woocommerce-Price-currencySymbol\">&#036;<\/span>19.40<\/span><\/ins><span class=\"screen-reader-text\">El precio actual es: &#036;19.40.<\/span> <small class=\"woocommerce-price-suffix\">IVA INCLUIDO<\/small><\/div>\n\t\t\t\t\n\t\t\t\t<div class=\"wp-block-button wc-block-grid__product-add-to-cart\"><a href=\"\/index.php?rest_route=%2Fwp%2Fv2%2Fpages%2F6&#038;add-to-cart=2734\" aria-label=\"A\u00f1adir al carrito: &ldquo;Accesorio_ Placa Adaptadora para Panel LED 30 x 15 mm | Incluye Tornillos y Tuercas | Dimensiones 70 x 90 x 2.5 mm | Di\u00e1metro de Perforaci\u00f3n 8.5 mm | Facilita Instalaci\u00f3n de Paneles LED&rdquo;\" data-quantity=\"1\" data-product_id=\"2734\" data-product_sku=\"SDJH648\" data-price=\"19.4\" rel=\"nofollow\" class=\"wp-block-button__link  add_to_cart_button ajax_add_to_cart\">A\u00f1adir al carrito<\/a><\/div>\n\t\t\t<\/li><li class=\"wc-block-grid__product\">\n\t\t\t\t<a href=\"https:\/\/www.miguardia.mx\/producto\/kit-anpr-camara-ip-2-megapixel-para-control-de-acceso-luz-de-relleno-blanca-pantalla-de-visualizacion-lente-motorizado-3-1-a-6-mm-reconocimiento-de-placas\/\" class=\"wc-block-grid__product-link\">\n\t\t\t\t\t<div class=\"wc-block-grid__product-onsale\">\n\t\t\t<span aria-hidden=\"true\">Oferta<\/span>\n\t\t\t<span class=\"screen-reader-text\">Producto en oferta<\/span>\n\t\t<\/div>\n\t\t\t\t\t<div class=\"wc-block-grid__product-image\"><img decoding=\"async\" width=\"300\" height=\"300\" src=\"https:\/\/www.miguardia.mx\/wp-content\/uploads\/2026\/03\/DSTMC200E1_3106-l-300x300.png\" class=\"attachment-woocommerce_thumbnail size-woocommerce_thumbnail\" alt=\"Kit ANPR \/ C\u00e1mara IP 2 Megapixel para Control de Acceso \/ Luz de Relleno Blanca + Pantalla de Visualizaci\u00f3n \/ Lente Motorizado 3.1 a 6 mm \/ Reconocimiento de Placas\" srcset=\"https:\/\/www.miguardia.mx\/wp-content\/uploads\/2026\/03\/DSTMC200E1_3106-l-300x300.png 300w, https:\/\/www.miguardia.mx\/wp-content\/uploads\/2026\/03\/DSTMC200E1_3106-l-150x150.png 150w, https:\/\/www.miguardia.mx\/wp-content\/uploads\/2026\/03\/DSTMC200E1_3106-l-768x768.png 768w, https:\/\/www.miguardia.mx\/wp-content\/uploads\/2026\/03\/DSTMC200E1_3106-l-600x600.png 600w, https:\/\/www.miguardia.mx\/wp-content\/uploads\/2026\/03\/DSTMC200E1_3106-l-100x100.png 100w, https:\/\/www.miguardia.mx\/wp-content\/uploads\/2026\/03\/DSTMC200E1_3106-l.png 1000w\" sizes=\"(max-width: 300px) 100vw, 300px\" \/><\/div>\n\t\t\t\t\t<div class=\"wc-block-grid__product-title\">Kit ANPR \/ C\u00e1mara IP 2 Megapixel para Control de Acceso \/ Luz de Relleno Blanca + Pantalla de Visualizaci\u00f3n \/ Lente Motorizado 3.1 a 6 mm \/ Reconocimiento de Placas<\/div>\n\t\t\t\t<\/a>\n\t\t\t\t<div class=\"wc-block-grid__product-price price\"><del aria-hidden=\"true\"><span class=\"woocommerce-Price-amount amount\"><span class=\"woocommerce-Price-currencySymbol\">&#036;<\/span>1,422.16<\/span><\/del> <span class=\"screen-reader-text\">El precio original era: &#036;1,422.16.<\/span><ins aria-hidden=\"true\"><span class=\"woocommerce-Price-amount amount\"><span class=\"woocommerce-Price-currencySymbol\">&#036;<\/span>1,292.88<\/span><\/ins><span class=\"screen-reader-text\">El precio actual es: &#036;1,292.88.<\/span> <small class=\"woocommerce-price-suffix\">IVA INCLUIDO<\/small><\/div>\n\t\t\t\t\n\t\t\t\t<div class=\"wp-block-button wc-block-grid__product-add-to-cart\"><a href=\"https:\/\/www.miguardia.mx\/producto\/kit-anpr-camara-ip-2-megapixel-para-control-de-acceso-luz-de-relleno-blanca-pantalla-de-visualizacion-lente-motorizado-3-1-a-6-mm-reconocimiento-de-placas\/\" aria-label=\"Lee m\u00e1s sobre &ldquo;Kit ANPR \/ C\u00e1mara IP 2 Megapixel para Control de Acceso \/ Luz de Relleno Blanca + Pantalla de Visualizaci\u00f3n \/ Lente Motorizado 3.1 a 6 mm \/ Reconocimiento de Placas&rdquo;\" data-quantity=\"1\" data-product_id=\"2728\" data-product_sku=\"DS-TMC200-E1\/3106\" data-price=\"1292.88\" rel=\"nofollow\" class=\"wp-block-button__link  add_to_cart_button\">Leer m\u00e1s<\/a><\/div>\n\t\t\t<\/li><li class=\"wc-block-grid__product\">\n\t\t\t\t<a href=\"https:\/\/www.miguardia.mx\/producto\/kit-hilook-audio-bidireccional-turbohd-1080p-dvr-4-canales-4-camaras-bala-exterior-con-bocina-y-microfono-integrado-1-fuente-de-poder-accesorios\/\" class=\"wc-block-grid__product-link\">\n\t\t\t\t\t<div class=\"wc-block-grid__product-onsale\">\n\t\t\t<span aria-hidden=\"true\">Oferta<\/span>\n\t\t\t<span class=\"screen-reader-text\">Producto en oferta<\/span>\n\t\t<\/div>\n\t\t\t\t\t<div class=\"wc-block-grid__product-image\"><img loading=\"lazy\" decoding=\"async\" width=\"300\" height=\"300\" src=\"https:\/\/www.miguardia.mx\/wp-content\/uploads\/2026\/03\/HL1080P4BTWA-l-300x300.png\" class=\"attachment-woocommerce_thumbnail size-woocommerce_thumbnail\" alt=\"Kit HiLook Audio Bidireccional TurboHD 1080p \/ DVR 4 Canales \/ 4 C\u00e1maras Bala (Exterior) con Bocina y Micr\u00f3fono Integrado \/ 1 Fuente de Poder \/ Accesorios\" srcset=\"https:\/\/www.miguardia.mx\/wp-content\/uploads\/2026\/03\/HL1080P4BTWA-l-300x300.png 300w, https:\/\/www.miguardia.mx\/wp-content\/uploads\/2026\/03\/HL1080P4BTWA-l-150x150.png 150w, https:\/\/www.miguardia.mx\/wp-content\/uploads\/2026\/03\/HL1080P4BTWA-l-768x768.png 768w, https:\/\/www.miguardia.mx\/wp-content\/uploads\/2026\/03\/HL1080P4BTWA-l-600x600.png 600w, https:\/\/www.miguardia.mx\/wp-content\/uploads\/2026\/03\/HL1080P4BTWA-l-100x100.png 100w, https:\/\/www.miguardia.mx\/wp-content\/uploads\/2026\/03\/HL1080P4BTWA-l.png 1000w\" sizes=\"(max-width: 300px) 100vw, 300px\" \/><\/div>\n\t\t\t\t\t<div class=\"wc-block-grid__product-title\">Kit HiLook Audio Bidireccional TurboHD 1080p \/ DVR 4 Canales \/ 4 C\u00e1maras Bala (Exterior) con Bocina y Micr\u00f3fono Integrado \/ 1 Fuente de Poder \/ Accesorios<\/div>\n\t\t\t\t<\/a>\n\t\t\t\t<div class=\"wc-block-grid__product-price price\"><del aria-hidden=\"true\"><span class=\"woocommerce-Price-amount amount\"><span class=\"woocommerce-Price-currencySymbol\">&#036;<\/span>349.90<\/span><\/del> <span class=\"screen-reader-text\">El precio original era: &#036;349.90.<\/span><ins aria-hidden=\"true\"><span class=\"woocommerce-Price-amount amount\"><span class=\"woocommerce-Price-currencySymbol\">&#036;<\/span>318.10<\/span><\/ins><span class=\"screen-reader-text\">El precio actual es: &#036;318.10.<\/span> <small class=\"woocommerce-price-suffix\">IVA INCLUIDO<\/small><\/div>\n\t\t\t\t\n\t\t\t\t<div class=\"wp-block-button wc-block-grid__product-add-to-cart\"><a href=\"\/index.php?rest_route=%2Fwp%2Fv2%2Fpages%2F6&#038;add-to-cart=2726\" aria-label=\"A\u00f1adir al carrito: &ldquo;Kit HiLook Audio Bidireccional TurboHD 1080p \/ DVR 4 Canales \/ 4 C\u00e1maras Bala (Exterior) con Bocina y Micr\u00f3fono Integrado \/ 1 Fuente de Poder \/ Accesorios&rdquo;\" data-quantity=\"1\" data-product_id=\"2726\" data-product_sku=\"HL-1080P-4B-TWA\" data-price=\"318.1\" rel=\"nofollow\" class=\"wp-block-button__link  add_to_cart_button ajax_add_to_cart\">A\u00f1adir al carrito<\/a><\/div>\n\t\t\t<\/li><\/ul><\/div><\/div>\n<\/div>\n","protected":false},"excerpt":{"rendered":"","protected":false},"author":1,"featured_media":0,"parent":0,"menu_order":0,"comment_status":"closed","ping_status":"closed","template":"","meta":{"site-sidebar-layout":"default","site-content-layout":"","ast-site-content-layout":"default","site-content-style":"default","site-sidebar-style":"default","ast-global-header-display":"","ast-banner-title-visibility":"","ast-main-header-display":"","ast-hfb-above-header-display":"","ast-hfb-below-header-display":"","ast-hfb-mobile-header-display":"","site-post-title":"","ast-breadcrumbs-content":"","ast-featured-img":"","footer-sml-layout":"","ast-disable-related-posts":"","theme-transparent-header-meta":"","adv-header-id-meta":"","stick-header-meta":"","header-above-stick-meta":"","header-main-stick-meta":"","header-below-stick-meta":"","astra-migrate-meta-layouts":"default","ast-page-background-enabled":"default","ast-page-background-meta":{"desktop":{"background-color":"","background-image":"","background-repeat":"repeat","background-position":"center center","background-size":"auto","background-attachment":"scroll","background-type":"","background-media":"","overlay-type":"","overlay-color":"","overlay-opacity":"","overlay-gradient":""},"tablet":{"background-color":"","background-image":"","background-repeat":"repeat","background-position":"center center","background-size":"auto","background-attachment":"scroll","background-type":"","background-media":"","overlay-type":"","overlay-color":"","overlay-opacity":"","overlay-gradient":""},"mobile":{"background-color":"","background-image":"","background-repeat":"repeat","background-position":"center center","background-size":"auto","background-attachment":"scroll","background-type":"","background-media":"","overlay-type":"","overlay-color":"","overlay-opacity":"","overlay-gradient":""}},"ast-content-background-meta":{"desktop":{"background-color":"var(--ast-global-color-5)","background-image":"","background-repeat":"repeat","background-position":"center center","background-size":"auto","background-attachment":"scroll","background-type":"","background-media":"","overlay-type":"","overlay-color":"","overlay-opacity":"","overlay-gradient":""},"tablet":{"background-color":"var(--ast-global-color-5)","background-image":"","background-repeat":"repeat","background-position":"center center","background-size":"auto","background-attachment":"scroll","background-type":"","background-media":"","overlay-type":"","overlay-color":"","overlay-opacity":"","overlay-gradient":""},"mobile":{"background-color":"var(--ast-global-color-5)","background-image":"","background-repeat":"repeat","background-position":"center center","background-size":"auto","background-attachment":"scroll","background-type":"","background-media":"","overlay-type":"","overlay-color":"","overlay-opacity":"","overlay-gradient":""}},"footnotes":""},"class_list":["post-6","page","type-page","status-publish","hentry"],"_links":{"self":[{"href":"https:\/\/www.miguardia.mx\/wp-json\/wp\/v2\/pages\/6","targetHints":{"allow":["GET"]}}],"collection":[{"href":"https:\/\/www.miguardia.mx\/wp-json\/wp\/v2\/pages"}],"about":[{"href":"https:\/\/www.miguardia.mx\/wp-json\/wp\/v2\/types\/page"}],"author":[{"embeddable":true,"href":"https:\/\/www.miguardia.mx\/wp-json\/wp\/v2\/users\/1"}],"replies":[{"embeddable":true,"href":"https:\/\/www.miguardia.mx\/wp-json\/wp\/v2\/comments?post=6"}],"version-history":[{"count":1,"href":"https:\/\/www.miguardia.mx\/wp-json\/wp\/v2\/pages\/6\/revisions"}],"predecessor-version":[{"id":11,"href":"https:\/\/www.miguardia.mx\/wp-json\/wp\/v2\/pages\/6\/revisions\/11"}],"wp:attachment":[{"href":"https:\/\/www.miguardia.mx\/wp-json\/wp\/v2\/media?parent=6"}],"curies":[{"name":"wp","href":"https:\/\/api.w.org\/{rel}","templated":true}]}}